{"id":402,"date":"2023-09-15T01:55:09","date_gmt":"2023-09-14T23:55:09","guid":{"rendered":"https:\/\/yurny.mx\/?page_id=402"},"modified":"2023-09-15T01:59:15","modified_gmt":"2023-09-14T23:59:15","slug":"politicas","status":"publish","type":"page","link":"https:\/\/yurny.mx\/index.php\/politicas\/","title":{"rendered":"REQUISITOS Y POL\u00cdTICAS DE RENTA"},"content":{"rendered":"\t\t<div data-elementor-type=\"wp-page\" data-elementor-id=\"402\" class=\"elementor elementor-402\" data-elementor-post-type=\"page\">\n\t\t\t\t\t\t\t<div class=\"elementor-element elementor-element-eab94c3 e-flex e-con-boxed e-con e-parent\" data-id=\"eab94c3\" data-element_type=\"container\" data-settings=\"{&quot;container_type&quot;:&quot;flex&quot;,&quot;content_width&quot;:&quot;boxed&quot;}\" data-core-v316-plus=\"true\">\n\t\t\t\t\t<div class=\"e-con-inner\">\n\t\t\t\t<div class=\"elementor-element elementor-element-d70e0b5 elementor-widget elementor-widget-heading\" data-id=\"d70e0b5\" data-element_type=\"widget\" data-widget_type=\"heading.default\">\n\t\t\t\t<div class=\"elementor-widget-container\">\n\t\t\t<style>\/*! elementor - v3.16.0 - 14-09-2023 *\/\n.elementor-heading-title{padding:0;margin:0;line-height:1}.elementor-widget-heading .elementor-heading-title[class*=elementor-size-]>a{color:inherit;font-size:inherit;line-height:inherit}.elementor-widget-heading .elementor-heading-title.elementor-size-small{font-size:15px}.elementor-widget-heading .elementor-heading-title.elementor-size-medium{font-size:19px}.elementor-widget-heading .elementor-heading-title.elementor-size-large{font-size:29px}.elementor-widget-heading .elementor-heading-title.elementor-size-xl{font-size:39px}.elementor-widget-heading .elementor-heading-title.elementor-size-xxl{font-size:59px}<\/style><h2 class=\"elementor-heading-title elementor-size-default\">REQUISITOS Y POL\u00cdTICAS DE RENTA<\/h2>\t\t<\/div>\n\t\t\t\t<\/div>\n\t\t\t\t<div class=\"elementor-element elementor-element-8a8ffd5 elementor-widget elementor-widget-text-editor\" data-id=\"8a8ffd5\" data-element_type=\"widget\" data-widget_type=\"text-editor.default\">\n\t\t\t\t<div class=\"elementor-widget-container\">\n\t\t\t<style>\/*! elementor - v3.16.0 - 14-09-2023 *\/\n.elementor-widget-text-editor.elementor-drop-cap-view-stacked .elementor-drop-cap{background-color:#69727d;color:#fff}.elementor-widget-text-editor.elementor-drop-cap-view-framed .elementor-drop-cap{color:#69727d;border:3px solid;background-color:transparent}.elementor-widget-text-editor:not(.elementor-drop-cap-view-default) .elementor-drop-cap{margin-top:8px}.elementor-widget-text-editor:not(.elementor-drop-cap-view-default) .elementor-drop-cap-letter{width:1em;height:1em}.elementor-widget-text-editor .elementor-drop-cap{float:left;text-align:center;line-height:1;font-size:50px}.elementor-widget-text-editor .elementor-drop-cap-letter{display:inline-block}<\/style>\t\t\t\t<p>REQUISITOS DE RENTA<\/p><p>Es necesario tener al menos 21 a\u00f1os para rentar un veh\u00edculo de Yurni. Se aplica un cargo por conductores j\u00f3venes entre 21 y 24.<\/p><p>Se requiere licencia de conducir vigente. Se pedir\u00e1 al cliente presentar una licencia de conducir vigente en su pa\u00eds de residencia con un m\u00ednimo de antig\u00fcedad de un a\u00f1o. Nos reservamos el derecho de verificar la licencia de conducir seg\u00fan nuestras normas y negar la renta del veh\u00edculo en caso de incumplimiento de alguna condici\u00f3n. En caso de tener un conductor adicional, bastar\u00e1 la licencia de conducir vigente sin m\u00ednimo de antig\u00fcedad requerido.<\/p><p>Identificaci\u00f3n vigente con fotograf\u00eda. Credencial del INE (para ciudadanos mexicanos) con antig\u00fcedad m\u00ednima de un a\u00f1o o pasaporte para extranjeros.<\/p><p>Tarjeta de cr\u00e9dito bancaria a nombre del titular de la renta. Es necesario presentarla para iniciar su renta, sin embargo, como pago final se puede realizar el cargo con el m\u00e9todo de su preferencia. Yurni se reserva el derecho de aceptar o no, algunas tarjetas de cr\u00e9dito bancarias de programas especiales, en mal estado o ilegibles.<\/p><p>Se requiere que la tarjeta de cr\u00e9dito tenga una antig\u00fcedad m\u00ednima de un a\u00f1o. Nos reservamos el derecho de negar la renta de un veh\u00edculo si cualquiera de nuestros requisitos de renta no se cumple.<\/p><p>FORMAS DE PAGO ACEPTADAS<\/p><p>Aceptamos tarjetas de cr\u00e9dito, transferencia electr\u00f3nica o efectivo.<\/p><p>\u00a0<\/p><p>GARANT\u00cdA DE RENTA O PREAUTORIZACIONES<\/p><p>La garant\u00eda de renta es un monto retenido por la renta del auto que se deduce del l\u00edmite de la tarjeta de cr\u00e9dito pero no es un cargo. Al t\u00e9rmino de la renta, tomamos el importe correspondiente a la renta de esta preautorizaci\u00f3n y liberamos el resto.<\/p><p>El nivel de protecci\u00f3n o cobertura que definido para el auto determinar\u00e1 el monto de preautorizaci\u00f3n que se deducir\u00e1 de tu tarjeta de cr\u00e9dito.<\/p><p>La liberaci\u00f3n de la preautorizaci\u00f3n a tu tarjeta bancaria ser\u00e1 realizar\u00e1 dentro de las 48 horas h\u00e1biles siguientes, o el tiempo que estipule el banco emisor de la tarjeta bancaria, despu\u00e9s de la devoluci\u00f3n del veh\u00edculo a Yurni, siempre y cuando el mismo sea devuelto en las condiciones mec\u00e1nicas, est\u00e9ticas y funcionales con las que se entreg\u00f3, as\u00ed como con todos sus accesorios, herramientas, placas, llaves, tarjeta de circulaci\u00f3n o refacciones con los que fue recibido por el cliente.<\/p><p>Tenemos diferentes tipos de protecci\u00f3n para elegir la m\u00e1s acorde a tus necesidades. Esto determinar\u00e1 el monto de preautorizaci\u00f3n en la tarjeta de cr\u00e9dito y el nivel de responsabilidad sobre el rentado.<\/p><p>\u00a0<\/p><p>POL\u00cdTICA DE CANCELACIONES DE RESERVACI\u00d3N Y\/O NO LLEGADA<\/p><p>Si requieres cancelar tu reservaci\u00f3n, tramitaremos el reembolso tan pronto sea posible. Nuestra pol\u00edtica de cancelaci\u00f3n est\u00e1 configurada de la siguiente forma:<\/p><p>Reembolsos al 100% para reservaciones, cuando se realice la cancelaci\u00f3n antes de 21 d\u00edas de la fecha de renta.<\/p><p>Reembolso del 50% para reservaciones cuando estas se cancelen entre los 20 y 15 d\u00edas antes de la fecha de renta.<\/p><p>Reembolso del 25% para reservaciones cuando se realice la cancelaci\u00f3n entre 14 y 7 d\u00edas previos a la fecha de renta.<\/p><p>No se har\u00e1 ning\u00fan reembolso en caso de que el cliente cancele 6 o menos d\u00edas, previo a la fecha de renta, o en caso de que no se presente y no cancele la reservaci\u00f3n realizada. Si se reserva con 6 d\u00edas o menos de anticipaci\u00f3n, se acepta que no aplica reembolso en caso de cancelaci\u00f3n.<\/p><p>En caso de que el auto se devuelva de forma anticipada, no se reembolsar\u00e1 ninguna cantidad o diferencial por los d\u00edas no utilizados<\/p><p>En caso de que el cliente tenga una reservaci\u00f3n prepagada y al momento de presentarse a recoger el veh\u00edculo no cumpla con los requisitos de la pol\u00edtica de renta, se efectuar\u00e1 un reembolso del 100% del total prepagado.<\/p><p>\u00a0<\/p><p>CARGOS E IMPUESTOS<\/p><p><strong>Impuesto al Valor Agregado (IVA):<\/strong> a todos los cargos relacionados con la renta del veh\u00edculo se les aplicar\u00e1 el impuesto sobre el valor agregado (IVA) del 16%.<\/p><p><strong>Sobrecargo de transacci\u00f3n:<\/strong> Es un cargo por transacciones que aplica a todos los clientes en todas las rentas.<\/p><p><strong>Cargos por gasolina:<\/strong> la gasolina no se incluye en la tarifa, a menos que lo especifique el paquete o promoci\u00f3n. Los veh\u00edculos deben devolverse con el tanque lleno de gasolina, de no hacerlo, se aplicar\u00e1 un cargo por rellenado del tanque, adicional al costo de la gasolina faltante que se cobrar\u00e1 de acuerdo al costo vigente de gasolina al d\u00eda de la recarga en la estaci\u00f3n de elecci\u00f3n de Yurni.<\/p><p><strong>Cargos por conductor adicional:<\/strong> al momento de rentar se puede indicar un conductor adicional, mayor de 21 a\u00f1os de edad, quien deber\u00e1 presentarse con licencia de conducir vigente y expedida por la autoridad competente. El conductor adicional estar\u00e1 sujeto a las mismas obligaciones del cliente en materia del manejo del autom\u00f3vil y es tambi\u00e9n responsable solidario con aquel en lo que se refiere a la responsabilidad civil por da\u00f1os a terceros o al auto. Se aplica un cargo por conductor adicional de $143 pesos por d\u00eda, m\u00e1s sobrecostos e impuestos.<\/p><p>Los c\u00f3nyuges, compa\u00f1eros de trabajo y compa\u00f1eros de casa est\u00e1n exentos de este cargo. A esta tarifa se le aplicar\u00e1 el IVA correspondiente.<\/p><p><strong>Tarifa por conductor joven:<\/strong> se aplica un cargo por conductores j\u00f3venes que tienen entre 21 y 24 a\u00f1os. El monto ser\u00e1 de $134 pesos por d\u00eda m\u00e1s IVA y otros sobrecargos que apliquen.<\/p><p><strong>Cuota sobre p\u00e9rdida de uso:<\/strong> en caso de alg\u00fan incidente en la que el veh\u00edculo quede imposibilitado para rentarse nuevamente, el cliente ser\u00e1 responsable de todos los d\u00edas de renta perdidos que se deriven del tiempo de reparaci\u00f3n o detenci\u00f3n. \u00a0Este cargo se puede evitar al adquirir un paquete cobertura amplia. Preguntar en el momento de la contrataci\u00f3n.<\/p><p>En caso de que un auto rentado sea detenido por un accidente, por operativos de alcoholemia o por mal estacionamiento, adem\u00e1s del cobro de las multas y gastos de liberaci\u00f3n de la unidad, se aplicar\u00e1n tambi\u00e9n cargos por los d\u00edas de renta que dure el auto detenido y una cuota por cargos administrativos de $1,000 pesos m\u00e1s IVA.<\/p><p><strong>Cargos por licencia de veh\u00edculo:<\/strong> este cargo se aplica por tr\u00e1mites y servicios vehiculares, tales como placas, permisos provisionales, tenencia, verificaci\u00f3n u otros.<\/p><p>\u00a0<\/p>\t\t\t\t\t\t<\/div>\n\t\t\t\t<\/div>\n\t\t\t\t\t<\/div>\n\t\t\t\t<\/div>\n\t\t\t\t\t\t\t<\/div>\n\t\t","protected":false},"excerpt":{"rendered":"<p>REQUISITOS Y POL\u00cdTICAS DE RENTA REQUISITOS DE RENTA Es necesario tener al menos 21 a\u00f1os para rentar un veh\u00edculo de Yurni. Se aplica un cargo por conductores j\u00f3venes entre 21 y 24. Se requiere licencia de conducir vigente. Se pedir\u00e1 al cliente presentar una licencia de conducir vigente en su pa\u00eds de residencia con un [&hellip;]<\/p>\n","protected":false},"author":1,"featured_media":0,"parent":0,"menu_order":0,"comment_status":"closed","ping_status":"closed","template":"elementor_header_footer","meta":{"inline_featured_image":false,"footnotes":""},"_links":{"self":[{"href":"https:\/\/yurny.mx\/index.php\/wp-json\/wp\/v2\/pages\/402"}],"collection":[{"href":"https:\/\/yurny.mx\/index.php\/wp-json\/wp\/v2\/pages"}],"about":[{"href":"https:\/\/yurny.mx\/index.php\/wp-json\/wp\/v2\/types\/page"}],"author":[{"embeddable":true,"href":"https:\/\/yurny.mx\/index.php\/wp-json\/wp\/v2\/users\/1"}],"replies":[{"embeddable":true,"href":"https:\/\/yurny.mx\/index.php\/wp-json\/wp\/v2\/comments?post=402"}],"version-history":[{"count":5,"href":"https:\/\/yurny.mx\/index.php\/wp-json\/wp\/v2\/pages\/402\/revisions"}],"predecessor-version":[{"id":407,"href":"https:\/\/yurny.mx\/index.php\/wp-json\/wp\/v2\/pages\/402\/revisions\/407"}],"wp:attachment":[{"href":"https:\/\/yurny.mx\/index.php\/wp-json\/wp\/v2\/media?parent=402"}],"curies":[{"name":"wp","href":"https:\/\/api.w.org\/{rel}","templated":true}]}}